{"id":948,"date":"2023-01-25T14:43:29","date_gmt":"2023-01-25T14:43:29","guid":{"rendered":"https:\/\/wandakrakow.com.pl\/?page_id=948"},"modified":"2023-01-25T16:15:30","modified_gmt":"2023-01-25T16:15:30","slug":"hala-sportowa","status":"publish","type":"page","link":"https:\/\/wandakrakow.com.pl\/?page_id=948","title":{"rendered":"Hala sportowa"},"content":{"rendered":"\n<figure class=\"wp-block-image size-full\"><img fetchpriority=\"high\" decoding=\"async\" width=\"800\" height=\"533\" src=\"https:\/\/wandakrakow.com.pl\/wp-content\/uploads\/2023\/01\/obiekt-5-1.jpeg\" alt=\"\" class=\"wp-image-949\" srcset=\"https:\/\/wandakrakow.com.pl\/wp-content\/uploads\/2023\/01\/obiekt-5-1.jpeg 800w, https:\/\/wandakrakow.com.pl\/wp-content\/uploads\/2023\/01\/obiekt-5-1-300x200.jpeg 300w, https:\/\/wandakrakow.com.pl\/wp-content\/uploads\/2023\/01\/obiekt-5-1-768x512.jpeg 768w, https:\/\/wandakrakow.com.pl\/wp-content\/uploads\/2023\/01\/obiekt-5-1-230x153.jpeg 230w, https:\/\/wandakrakow.com.pl\/wp-content\/uploads\/2023\/01\/obiekt-5-1-350x233.jpeg 350w, https:\/\/wandakrakow.com.pl\/wp-content\/uploads\/2023\/01\/obiekt-5-1-480x320.jpeg 480w\" sizes=\"(max-width: 800px) 100vw, 800px\" \/><\/figure>\n\n\n\n<p>UL. ODMOGILE 1B<\/p>\n\n\n\n<p>31-751 KRAK\u00d3W<\/p>\n\n\n\n<p>Budynek w kt\u00f3rym zlokalizowana jest Hala Sportowa jest r\u00f3wnie\u017c Siedzib\u0105 Klubu Sportowego Wanda Krak\u00f3w, sekretariat zlokalizowany na 1 pietrze, czynny jest codziennie od godziny 8:00 do 16:00, w czwartki od godziny 14:00 do 20:00.<\/p>\n\n\n\n<p> <strong>Hala Sportowa:<\/strong><\/p>\n\n\n\n<p>&#8211; wymiary boiska 18 m x 30 m,<\/p>\n\n\n\n<p>&#8211; wyposa\u017cenie boiska: kosze do koszyk\u00f3wki, bramki pi\u0142karskie, bramki do pi\u0142ki r\u0119cznej, siatka do siatk\u00f3wki, drabinki gimnastyczne,<\/p>\n\n\n\n<p>&#8211; widownia na ok. 250 miejsc,<\/p>\n\n\n\n<p>&#8211; pe\u0142ny w\u0119ze\u0142 sanitarny z szatniami &#8211; 6 szt, w tym szatnia dla os\u00f3b niepe\u0142nosprawnych.<\/p>\n","protected":false},"excerpt":{"rendered":"<p>UL. ODMOGILE 1B 31-751 KRAK\u00d3W Budynek w kt\u00f3rym zlokalizowana jest Hala Sportowa jest r\u00f3wnie\u017c Siedzib\u0105 Klubu Sportowego Wanda Krak\u00f3w, sekretariat zlokalizowany na 1 pietrze, czynny [&hellip;]<\/p>\n","protected":false},"author":2,"featured_media":0,"parent":0,"menu_order":0,"comment_status":"closed","ping_status":"closed","template":"","meta":{"footnotes":""},"class_list":["post-948","page","type-page","status-publish","hentry"],"jetpack_sharing_enabled":true,"_links":{"self":[{"href":"https:\/\/wandakrakow.com.pl\/index.php?rest_route=\/wp\/v2\/pages\/948","targetHints":{"allow":["GET"]}}],"collection":[{"href":"https:\/\/wandakrakow.com.pl\/index.php?rest_route=\/wp\/v2\/pages"}],"about":[{"href":"https:\/\/wandakrakow.com.pl\/index.php?rest_route=\/wp\/v2\/types\/page"}],"author":[{"embeddable":true,"href":"https:\/\/wandakrakow.com.pl\/index.php?rest_route=\/wp\/v2\/users\/2"}],"replies":[{"embeddable":true,"href":"https:\/\/wandakrakow.com.pl\/index.php?rest_route=%2Fwp%2Fv2%2Fcomments&post=948"}],"version-history":[{"count":2,"href":"https:\/\/wandakrakow.com.pl\/index.php?rest_route=\/wp\/v2\/pages\/948\/revisions"}],"predecessor-version":[{"id":987,"href":"https:\/\/wandakrakow.com.pl\/index.php?rest_route=\/wp\/v2\/pages\/948\/revisions\/987"}],"wp:attachment":[{"href":"https:\/\/wandakrakow.com.pl\/index.php?rest_route=%2Fwp%2Fv2%2Fmedia&parent=948"}],"curies":[{"name":"wp","href":"https:\/\/api.w.org\/{rel}","templated":true}]}}