{"id":954,"date":"2023-01-25T14:44:52","date_gmt":"2023-01-25T14:44:52","guid":{"rendered":"https:\/\/wandakrakow.com.pl\/?page_id=954"},"modified":"2023-01-25T16:18:16","modified_gmt":"2023-01-25T16:18:16","slug":"stadion-sportowy","status":"publish","type":"page","link":"https:\/\/wandakrakow.com.pl\/?page_id=954","title":{"rendered":"Stadion pi\u0142karsko &#8211; \u017cu\u017clowy"},"content":{"rendered":"\n<figure class=\"wp-block-image size-full\"><img fetchpriority=\"high\" decoding=\"async\" width=\"1024\" height=\"767\" src=\"https:\/\/wandakrakow.com.pl\/wp-content\/uploads\/2023\/01\/obiekt-1-1.jpg\" alt=\"\" class=\"wp-image-955\" srcset=\"https:\/\/wandakrakow.com.pl\/wp-content\/uploads\/2023\/01\/obiekt-1-1.jpg 1024w, https:\/\/wandakrakow.com.pl\/wp-content\/uploads\/2023\/01\/obiekt-1-1-300x225.jpg 300w, https:\/\/wandakrakow.com.pl\/wp-content\/uploads\/2023\/01\/obiekt-1-1-768x575.jpg 768w, https:\/\/wandakrakow.com.pl\/wp-content\/uploads\/2023\/01\/obiekt-1-1-1000x749.jpg 1000w, https:\/\/wandakrakow.com.pl\/wp-content\/uploads\/2023\/01\/obiekt-1-1-230x172.jpg 230w, https:\/\/wandakrakow.com.pl\/wp-content\/uploads\/2023\/01\/obiekt-1-1-350x262.jpg 350w, https:\/\/wandakrakow.com.pl\/wp-content\/uploads\/2023\/01\/obiekt-1-1-480x360.jpg 480w\" sizes=\"(max-width: 1024px) 100vw, 1024px\" \/><figcaption class=\"wp-element-caption\">created by dji camera<\/figcaption><\/figure>\n\n\n\n<p><strong>STADION PI\u0141KARSKO &#8211; \u017bU\u017bLOWY<\/strong><\/p>\n\n\n\n<p>Ul. Odmogile 1B<\/p>\n\n\n\n<p>31-751 Krak\u00f3w<\/p>\n\n\n\n<p>Boisko trawiaste:<\/p>\n\n\n\n<p>&#8211; wymiary boiska 100m x 70 m &#8211; pe\u0142nowymiarowe boisko do gry w pi\u0142k\u0119 no\u017cn\u0105<\/p>\n\n\n\n<p>&#8211; widownia \u2013 2000 plastikowych siedze\u0144<\/p>\n\n\n\n<p>&#8211; wyposa\u017cenie: stanowisko komentatorskie, nag\u0142o\u015bnienie<\/p>\n\n\n\n<p>&#8211; pe\u0142ny w\u0119ze\u0142 sanitarny &#8211; 6 szt, w tym szatnia dla os\u00f3b niepe\u0142nosprawnych.<\/p>\n\n\n\n<p>Tor \u017bu\u017clowy<\/p>\n","protected":false},"excerpt":{"rendered":"<p>STADION PI\u0141KARSKO &#8211; \u017bU\u017bLOWY Ul. Odmogile 1B 31-751 Krak\u00f3w Boisko trawiaste: &#8211; wymiary boiska 100m x 70 m &#8211; pe\u0142nowymiarowe boisko do gry w pi\u0142k\u0119 [&hellip;]<\/p>\n","protected":false},"author":2,"featured_media":0,"parent":0,"menu_order":0,"comment_status":"closed","ping_status":"closed","template":"","meta":{"footnotes":""},"class_list":["post-954","page","type-page","status-publish","hentry"],"jetpack_sharing_enabled":true,"_links":{"self":[{"href":"https:\/\/wandakrakow.com.pl\/index.php?rest_route=\/wp\/v2\/pages\/954","targetHints":{"allow":["GET"]}}],"collection":[{"href":"https:\/\/wandakrakow.com.pl\/index.php?rest_route=\/wp\/v2\/pages"}],"about":[{"href":"https:\/\/wandakrakow.com.pl\/index.php?rest_route=\/wp\/v2\/types\/page"}],"author":[{"embeddable":true,"href":"https:\/\/wandakrakow.com.pl\/index.php?rest_route=\/wp\/v2\/users\/2"}],"replies":[{"embeddable":true,"href":"https:\/\/wandakrakow.com.pl\/index.php?rest_route=%2Fwp%2Fv2%2Fcomments&post=954"}],"version-history":[{"count":2,"href":"https:\/\/wandakrakow.com.pl\/index.php?rest_route=\/wp\/v2\/pages\/954\/revisions"}],"predecessor-version":[{"id":989,"href":"https:\/\/wandakrakow.com.pl\/index.php?rest_route=\/wp\/v2\/pages\/954\/revisions\/989"}],"wp:attachment":[{"href":"https:\/\/wandakrakow.com.pl\/index.php?rest_route=%2Fwp%2Fv2%2Fmedia&parent=954"}],"curies":[{"name":"wp","href":"https:\/\/api.w.org\/{rel}","templated":true}]}}