{"id":994,"date":"2023-01-26T09:36:15","date_gmt":"2023-01-26T09:36:15","guid":{"rendered":"https:\/\/wandakrakow.com.pl\/?page_id=994"},"modified":"2023-01-26T09:36:15","modified_gmt":"2023-01-26T09:36:15","slug":"pilka-nozna-mezczyzn","status":"publish","type":"page","link":"https:\/\/wandakrakow.com.pl\/?page_id=994","title":{"rendered":"Pi\u0142ka no\u017cna m\u0119\u017cczyzn"},"content":{"rendered":"\n<div class=\"wp-block-media-text alignwide is-stacked-on-mobile\"><figure class=\"wp-block-media-text__media\"><img fetchpriority=\"high\" decoding=\"async\" width=\"960\" height=\"720\" src=\"https:\/\/wandakrakow.com.pl\/wp-content\/uploads\/2023\/01\/senior-jpg-1-1.jpg\" alt=\"\" class=\"wp-image-995 size-full\" srcset=\"https:\/\/wandakrakow.com.pl\/wp-content\/uploads\/2023\/01\/senior-jpg-1-1.jpg 960w, https:\/\/wandakrakow.com.pl\/wp-content\/uploads\/2023\/01\/senior-jpg-1-1-300x225.jpg 300w, https:\/\/wandakrakow.com.pl\/wp-content\/uploads\/2023\/01\/senior-jpg-1-1-768x576.jpg 768w, https:\/\/wandakrakow.com.pl\/wp-content\/uploads\/2023\/01\/senior-jpg-1-1-230x173.jpg 230w, https:\/\/wandakrakow.com.pl\/wp-content\/uploads\/2023\/01\/senior-jpg-1-1-350x263.jpg 350w, https:\/\/wandakrakow.com.pl\/wp-content\/uploads\/2023\/01\/senior-jpg-1-1-480x360.jpg 480w\" sizes=\"(max-width: 960px) 100vw, 960px\" \/><\/figure><div class=\"wp-block-media-text__content\">\n<p><a href=\"https:\/\/wandakrakow.com.pl\/?page_id=817\">Pi\u0142ka no\u017cna seniorzy<\/a><\/p>\n<\/div><\/div>\n\n\n\n<div class=\"wp-block-media-text alignwide is-stacked-on-mobile\"><figure class=\"wp-block-media-text__media\"><img decoding=\"async\" width=\"1024\" height=\"680\" src=\"https:\/\/wandakrakow.com.pl\/wp-content\/uploads\/2023\/01\/oldboje-2-1024x680.jpg\" alt=\"\" class=\"wp-image-996 size-full\" srcset=\"https:\/\/wandakrakow.com.pl\/wp-content\/uploads\/2023\/01\/oldboje-2-1024x680.jpg 1024w, https:\/\/wandakrakow.com.pl\/wp-content\/uploads\/2023\/01\/oldboje-2-300x199.jpg 300w, https:\/\/wandakrakow.com.pl\/wp-content\/uploads\/2023\/01\/oldboje-2-768x510.jpg 768w, https:\/\/wandakrakow.com.pl\/wp-content\/uploads\/2023\/01\/oldboje-2-1536x1020.jpg 1536w, https:\/\/wandakrakow.com.pl\/wp-content\/uploads\/2023\/01\/oldboje-2-2048x1360.jpg 2048w, https:\/\/wandakrakow.com.pl\/wp-content\/uploads\/2023\/01\/oldboje-2-1000x664.jpg 1000w, https:\/\/wandakrakow.com.pl\/wp-content\/uploads\/2023\/01\/oldboje-2-230x153.jpg 230w, https:\/\/wandakrakow.com.pl\/wp-content\/uploads\/2023\/01\/oldboje-2-350x232.jpg 350w, https:\/\/wandakrakow.com.pl\/wp-content\/uploads\/2023\/01\/oldboje-2-480x319.jpg 480w\" sizes=\"(max-width: 1024px) 100vw, 1024px\" \/><\/figure><div class=\"wp-block-media-text__content\">\n<p><a href=\"https:\/\/wandakrakow.com.pl\/?page_id=999\">Pi\u0142ka no\u017cna oldboje<\/a><\/p>\n<\/div><\/div>\n","protected":false},"excerpt":{"rendered":"<p>Pi\u0142ka no\u017cna seniorzy Pi\u0142ka no\u017cna oldboje<\/p>\n","protected":false},"author":2,"featured_media":0,"parent":0,"menu_order":0,"comment_status":"closed","ping_status":"closed","template":"","meta":{"footnotes":""},"class_list":["post-994","page","type-page","status-publish","hentry"],"jetpack_sharing_enabled":true,"_links":{"self":[{"href":"https:\/\/wandakrakow.com.pl\/index.php?rest_route=\/wp\/v2\/pages\/994","targetHints":{"allow":["GET"]}}],"collection":[{"href":"https:\/\/wandakrakow.com.pl\/index.php?rest_route=\/wp\/v2\/pages"}],"about":[{"href":"https:\/\/wandakrakow.com.pl\/index.php?rest_route=\/wp\/v2\/types\/page"}],"author":[{"embeddable":true,"href":"https:\/\/wandakrakow.com.pl\/index.php?rest_route=\/wp\/v2\/users\/2"}],"replies":[{"embeddable":true,"href":"https:\/\/wandakrakow.com.pl\/index.php?rest_route=%2Fwp%2Fv2%2Fcomments&post=994"}],"version-history":[{"count":1,"href":"https:\/\/wandakrakow.com.pl\/index.php?rest_route=\/wp\/v2\/pages\/994\/revisions"}],"predecessor-version":[{"id":1004,"href":"https:\/\/wandakrakow.com.pl\/index.php?rest_route=\/wp\/v2\/pages\/994\/revisions\/1004"}],"wp:attachment":[{"href":"https:\/\/wandakrakow.com.pl\/index.php?rest_route=%2Fwp%2Fv2%2Fmedia&parent=994"}],"curies":[{"name":"wp","href":"https:\/\/api.w.org\/{rel}","templated":true}]}}